{"id":44,"date":"2024-08-22T16:37:04","date_gmt":"2024-08-22T16:37:04","guid":{"rendered":"https:\/\/kokkopartio.fi\/?page_id=44"},"modified":"2024-08-22T16:37:04","modified_gmt":"2024-08-22T16:37:04","slug":"yhteystiedot","status":"publish","type":"page","link":"https:\/\/kokkopartio.fi\/?page_id=44","title":{"rendered":"Yhteystiedot"},"content":{"rendered":"\n<p>Email: kokkopartio@gmail.com<br>Instagram: <a href=\"https:\/\/www.instagram.com\/kokko.partio\/\" data-type=\"link\" data-id=\"https:\/\/www.instagram.com\/kokko.partio\/\">kokko.partio<\/a><br>Facebook: <a href=\"https:\/\/www.facebook.com\/profile.php?id=61550743011691\" data-type=\"link\" data-id=\"https:\/\/www.facebook.com\/profile.php?id=61550743011691\">Kokkopartio ry<\/a><\/p>\n\n\n\n<p>Kokkopartio kokoontuu Kastellin kirkon kololla osoitteessa <br><a href=\"https:\/\/www.google.com\/maps\/place\/T%C3%B6llintie+38,+90230+Oulu\/@65.0070105,25.5369363,17z\/data=!3m1!4b1!4m6!3m5!1s0x4681cd5fbd5c5c9f:0x6f62641d6332fe2!8m2!3d65.0070105!4d25.5395112!16s%2Fg%2F11c0w71yy4?entry=ttu\" data-type=\"link\" data-id=\"https:\/\/www.google.com\/maps\/place\/T%C3%B6llintie+38,+90230+Oulu\/@65.0070105,25.5369363,17z\/data=!3m1!4b1!4m6!3m5!1s0x4681cd5fbd5c5c9f:0x6f62641d6332fe2!8m2!3d65.0070105!4d25.5395112!16s%2Fg%2F11c0w71yy4?entry=ttu\">T\u00f6llintie 38, 90230 Oulu<\/a>.<br>Kolo sijaitsee kirkon kellarissa ja sis\u00e4\u00e4nk\u00e4ynti kololle on kirkon it\u00e4isest\u00e4 p\u00e4\u00e4dyst\u00e4.<\/p>\n\n\n\n<figure class=\"wp-block-image size-full\"><img loading=\"lazy\" decoding=\"async\" width=\"638\" height=\"677\" src=\"https:\/\/kokkopartio.fi\/wp-content\/uploads\/2024\/08\/Kolon-kartta.jpg\" alt=\"\" class=\"wp-image-45\" srcset=\"https:\/\/kokkopartio.fi\/wp-content\/uploads\/2024\/08\/Kolon-kartta.jpg 638w, https:\/\/kokkopartio.fi\/wp-content\/uploads\/2024\/08\/Kolon-kartta-283x300.jpg 283w\" sizes=\"auto, (max-width: 638px) 100vw, 638px\" \/><\/figure>\n\n\n\n<p><\/p>\n","protected":false},"excerpt":{"rendered":"<p>Email: kokkopartio@gmail.comInstagram: kokko.partioFacebook: Kokkopartio ry Kokkopartio kokoontuu Kastellin kirkon kololla osoitteessa T\u00f6llintie 38, 90230 Oulu.Kolo sijaitsee kirkon kellarissa ja sis\u00e4\u00e4nk\u00e4ynti kololle on kirkon it\u00e4isest\u00e4 p\u00e4\u00e4dyst\u00e4.<\/p>\n","protected":false},"author":1,"featured_media":0,"parent":0,"menu_order":0,"comment_status":"closed","ping_status":"closed","template":"","meta":{"footnotes":""},"class_list":["post-44","page","type-page","status-publish","hentry"],"jetpack_sharing_enabled":true,"_links":{"self":[{"href":"https:\/\/kokkopartio.fi\/index.php?rest_route=\/wp\/v2\/pages\/44","targetHints":{"allow":["GET"]}}],"collection":[{"href":"https:\/\/kokkopartio.fi\/index.php?rest_route=\/wp\/v2\/pages"}],"about":[{"href":"https:\/\/kokkopartio.fi\/index.php?rest_route=\/wp\/v2\/types\/page"}],"author":[{"embeddable":true,"href":"https:\/\/kokkopartio.fi\/index.php?rest_route=\/wp\/v2\/users\/1"}],"replies":[{"embeddable":true,"href":"https:\/\/kokkopartio.fi\/index.php?rest_route=%2Fwp%2Fv2%2Fcomments&post=44"}],"version-history":[{"count":3,"href":"https:\/\/kokkopartio.fi\/index.php?rest_route=\/wp\/v2\/pages\/44\/revisions"}],"predecessor-version":[{"id":48,"href":"https:\/\/kokkopartio.fi\/index.php?rest_route=\/wp\/v2\/pages\/44\/revisions\/48"}],"wp:attachment":[{"href":"https:\/\/kokkopartio.fi\/index.php?rest_route=%2Fwp%2Fv2%2Fmedia&parent=44"}],"curies":[{"name":"wp","href":"https:\/\/api.w.org\/{rel}","templated":true}]}}